{"id":1758,"date":"2024-03-18T12:40:22","date_gmt":"2024-03-18T11:40:22","guid":{"rendered":"https:\/\/marthos.sk\/kontakt\/"},"modified":"2024-11-13T14:18:43","modified_gmt":"2024-11-13T13:18:43","slug":"kontakt","status":"publish","type":"page","link":"https:\/\/marthos.sk\/sk\/kontakt\/","title":{"rendered":"Kontakt"},"content":{"rendered":"\t\t<div data-elementor-type=\"wp-page\" data-elementor-id=\"1758\" class=\"elementor elementor-1758 elementor-404\" data-elementor-post-type=\"page\">\n\t\t\t\t<div class=\"elementor-element elementor-element-75f99afe e-flex e-con-boxed e-con e-parent\" data-id=\"75f99afe\" data-element_type=\"container\">\n\t\t\t\t\t<div class=\"e-con-inner\">\n\t\t<div class=\"elementor-element elementor-element-68d28302 e-con-full e-flex e-con e-child\" data-id=\"68d28302\" data-element_type=\"container\">\n\t\t\t\t<div class=\"elementor-element elementor-element-67c2f527 elementor-widget elementor-widget-elementskit-heading\" data-id=\"67c2f527\" data-element_type=\"widget\" data-widget_type=\"elementskit-heading.default\">\n\t\t\t\t<div class=\"elementor-widget-container\">\n\t\t\t<div class=\"ekit-wid-con\" ><div class=\"ekit-heading elementskit-section-title-wraper text_left   ekit_heading_tablet-text_center   ekit_heading_mobile-\"><h1 class=\"ekit-heading--title elementskit-section-title \">Kontaktujte n\u00e1s<\/h1><\/div><\/div>\t\t<\/div>\n\t\t\t\t<\/div>\n\t\t\t\t<div class=\"elementor-element elementor-element-4f156823 elementor-widget elementor-widget-text-editor\" data-id=\"4f156823\" data-element_type=\"widget\" data-widget_type=\"text-editor.default\">\n\t\t\t\t<div class=\"elementor-widget-container\">\n\t\t\t\t\t\t\t<p>Martovce 14, 947 01 Martovce<\/p>\n\t\t\t\t\t\t<\/div>\n\t\t\t\t<\/div>\n\t\t<div class=\"elementor-element elementor-element-456881e0 e-flex e-con-boxed e-con e-child\" data-id=\"456881e0\" data-element_type=\"container\">\n\t\t\t\t\t<div class=\"e-con-inner\">\n\t\t\t\t<div class=\"elementor-element elementor-element-486075ad elementor-view-default elementor-position-top elementor-mobile-position-top elementor-widget elementor-widget-icon-box\" data-id=\"486075ad\" data-element_type=\"widget\" data-widget_type=\"icon-box.default\">\n\t\t\t\t<div class=\"elementor-widget-container\">\n\t\t\t\t\t<div class=\"elementor-icon-box-wrapper\">\n\n\t\t\t\t\t\t<div class=\"elementor-icon-box-icon\">\n\t\t\t\t<a href=\"tel:+421908322243\" class=\"elementor-icon elementor-animation-\" tabindex=\"-1\">\n\t\t\t\t<i aria-hidden=\"true\" class=\"icon icon-phone1\"><\/i>\t\t\t\t<\/a>\n\t\t\t<\/div>\n\t\t\t\n\t\t\t\t\t\t<div class=\"elementor-icon-box-content\">\n\n\t\t\t\t\t\t\t\t\t<h5 class=\"elementor-icon-box-title\">\n\t\t\t\t\t\t<a href=\"tel:+421908322243\" >\n\t\t\t\t\t\t\tMgr. S\u00e1ndor Jancs\u00f3 \t\t\t\t\t\t<\/a>\n\t\t\t\t\t<\/h5>\n\t\t\t\t\n\t\t\t\t\t\t\t\t\t<p class=\"elementor-icon-box-description\">\n\t\t\t\t\t\t+421 908 322 243  \t\t\t\t\t<\/p>\n\t\t\t\t\n\t\t\t<\/div>\n\t\t\t\n\t\t<\/div>\n\t\t\t\t<\/div>\n\t\t\t\t<\/div>\n\t\t\t\t<div class=\"elementor-element elementor-element-b9d6607 elementor-view-default elementor-position-top elementor-mobile-position-top elementor-widget elementor-widget-icon-box\" data-id=\"b9d6607\" data-element_type=\"widget\" data-widget_type=\"icon-box.default\">\n\t\t\t\t<div class=\"elementor-widget-container\">\n\t\t\t\t\t<div class=\"elementor-icon-box-wrapper\">\n\n\t\t\t\t\t\t<div class=\"elementor-icon-box-icon\">\n\t\t\t\t<a href=\"mailto:info@marthos.sk\" class=\"elementor-icon elementor-animation-\" tabindex=\"-1\">\n\t\t\t\t<i aria-hidden=\"true\" class=\"icon icon-envelope3\"><\/i>\t\t\t\t<\/a>\n\t\t\t<\/div>\n\t\t\t\n\t\t\t\t\t\t<div class=\"elementor-icon-box-content\">\n\n\t\t\t\t\t\t\t\t\t<h4 class=\"elementor-icon-box-title\">\n\t\t\t\t\t\t<a href=\"mailto:info@marthos.sk\" >\n\t\t\t\t\t\t\tEmailov\u00e1 adresa\t\t\t\t\t\t<\/a>\n\t\t\t\t\t<\/h4>\n\t\t\t\t\n\t\t\t\t\t\t\t\t\t<p class=\"elementor-icon-box-description\">\n\t\t\t\t\t\tinfo@marthos.sk\t\t\t\t\t<\/p>\n\t\t\t\t\n\t\t\t<\/div>\n\t\t\t\n\t\t<\/div>\n\t\t\t\t<\/div>\n\t\t\t\t<\/div>\n\t\t\t\t<div class=\"elementor-element elementor-element-8d6a55b elementor-view-default elementor-position-top elementor-mobile-position-top elementor-widget elementor-widget-icon-box\" data-id=\"8d6a55b\" data-element_type=\"widget\" data-widget_type=\"icon-box.default\">\n\t\t\t\t<div class=\"elementor-widget-container\">\n\t\t\t\t\t<div class=\"elementor-icon-box-wrapper\">\n\n\t\t\t\t\t\t<div class=\"elementor-icon-box-icon\">\n\t\t\t\t<a href=\"mailto:marthos.office@gmail.com\" class=\"elementor-icon elementor-animation-\" tabindex=\"-1\">\n\t\t\t\t<i aria-hidden=\"true\" class=\"icon icon-envelope3\"><\/i>\t\t\t\t<\/a>\n\t\t\t<\/div>\n\t\t\t\n\t\t\t\t\t\t<div class=\"elementor-icon-box-content\">\n\n\t\t\t\t\t\t\t\t\t<h4 class=\"elementor-icon-box-title\">\n\t\t\t\t\t\t<a href=\"mailto:marthos.office@gmail.com\" >\n\t\t\t\t\t\t\tEmailov\u00e1 adresa\t\t\t\t\t\t<\/a>\n\t\t\t\t\t<\/h4>\n\t\t\t\t\n\t\t\t\t\t\t\t\t\t<p class=\"elementor-icon-box-description\">\n\t\t\t\t\t\tmarthos.office@gmail.com\t\t\t\t\t<\/p>\n\t\t\t\t\n\t\t\t<\/div>\n\t\t\t\n\t\t<\/div>\n\t\t\t\t<\/div>\n\t\t\t\t<\/div>\n\t\t\t\t\t<\/div>\n\t\t\t\t<\/div>\n\t\t<div class=\"elementor-element elementor-element-ab524ba e-flex e-con-boxed e-con e-child\" data-id=\"ab524ba\" data-element_type=\"container\">\n\t\t\t\t\t<div class=\"e-con-inner\">\n\t\t\t\t<div class=\"elementor-element elementor-element-dff7cc2 elementor-widget__width-initial elementor-widget elementor-widget-image\" data-id=\"dff7cc2\" data-element_type=\"widget\" data-widget_type=\"image.default\">\n\t\t\t\t<div class=\"elementor-widget-container\">\n\t\t\t\t\t\t\t\t\t\t\t\t\t<img fetchpriority=\"high\" decoding=\"async\" width=\"2000\" height=\"2000\" src=\"https:\/\/marthos.sk\/wp-content\/uploads\/2024\/05\/marthos_pt.png\" class=\"attachment-full size-full wp-image-861\" alt=\"\" srcset=\"https:\/\/marthos.sk\/wp-content\/uploads\/2024\/05\/marthos_pt.png 2000w, https:\/\/marthos.sk\/wp-content\/uploads\/2024\/05\/marthos_pt-300x300.png 300w, https:\/\/marthos.sk\/wp-content\/uploads\/2024\/05\/marthos_pt-1024x1024.png 1024w, https:\/\/marthos.sk\/wp-content\/uploads\/2024\/05\/marthos_pt-150x150.png 150w, https:\/\/marthos.sk\/wp-content\/uploads\/2024\/05\/marthos_pt-768x768.png 768w, https:\/\/marthos.sk\/wp-content\/uploads\/2024\/05\/marthos_pt-1536x1536.png 1536w\" sizes=\"(max-width: 2000px) 100vw, 2000px\" \/>\t\t\t\t\t\t\t\t\t\t\t\t\t<\/div>\n\t\t\t\t<\/div>\n\t\t\t\t<div class=\"elementor-element elementor-element-59e375f elementor-widget elementor-widget-text-editor\" data-id=\"59e375f\" data-element_type=\"widget\" data-widget_type=\"text-editor.default\">\n\t\t\t\t<div class=\"elementor-widget-container\">\n\t\t\t\t\t\t\t<p>Prev\u00e1dzkovate\u013eom Parku podujat\u00ed a \u013dudovej vysokej \u0161koly v Martovciach je<br \/><strong>Ob\u010dianske zdru\u017eenie Marthos <\/strong> (Marthos o.z.)<\/p>\n<p>I\u010cO: <strong>50565052<\/strong><\/p>\n<p>DI\u010c: <strong>2120557659<\/strong><\/p>\n<p>S\u00eddlo:<\/p>\n<p>Marthos o.z.<br \/>Martovce 14, 947 01 Martovce<\/p>\n\t\t\t\t\t\t<\/div>\n\t\t\t\t<\/div>\n\t\t\t\t\t<\/div>\n\t\t\t\t<\/div>\n\t\t\t\t<\/div>\n\t\t<div class=\"elementor-element elementor-element-28308d5c e-con-full e-flex e-con e-child\" data-id=\"28308d5c\" data-element_type=\"container\">\n\t\t\t\t<div class=\"elementor-element elementor-element-11895221 elementor-widget elementor-widget-google_maps\" data-id=\"11895221\" data-element_type=\"widget\" data-widget_type=\"google_maps.default\">\n\t\t\t\t<div class=\"elementor-widget-container\">\n\t\t\t\t\t<div class=\"elementor-custom-embed\">\n\t\t\t<iframe loading=\"lazy\"\n\t\t\t\t\tsrc=\"https:\/\/maps.google.com\/maps?q=Martovce%2014%2C%20947%2001%20Martovce&#038;t=m&#038;z=11&#038;output=embed&#038;iwloc=near\"\n\t\t\t\t\ttitle=\"Martovce 14, 947 01 Martovce\"\n\t\t\t\t\taria-label=\"Martovce 14, 947 01 Martovce\"\n\t\t\t><\/iframe>\n\t\t<\/div>\n\t\t\t\t<\/div>\n\t\t\t\t<\/div>\n\t\t\t\t<\/div>\n\t\t\t\t\t<\/div>\n\t\t\t\t<\/div>\n\t\t\t\t<\/div>\n\t\t","protected":false},"excerpt":{"rendered":"<p>Kontaktujte n\u00e1s Martovce 14, 947 01 Martovce Mgr. S\u00e1ndor Jancs\u00f3 +421 908 322 243 Emailov\u00e1 adresa info@marthos.sk Emailov\u00e1 adresa marthos.office@gmail.com Prev\u00e1dzkovate\u013eom Parku podujat\u00ed a \u013dudovej vysokej \u0161koly v Martovciach jeOb\u010dianske zdru\u017eenie Marthos (Marthos o.z.) I\u010cO: 50565052 DI\u010c: 2120557659 S\u00eddlo: Marthos o.z.Martovce 14, 947 01 Martovce<\/p>\n","protected":false},"author":1,"featured_media":1480,"parent":0,"menu_order":0,"comment_status":"closed","ping_status":"closed","template":"","meta":{"footnotes":""},"class_list":["post-1758","page","type-page","status-publish","has-post-thumbnail","hentry"],"yoast_head":"<!-- This site is optimized with the Yoast SEO plugin v23.9 - https:\/\/yoast.com\/wordpress\/plugins\/seo\/ -->\n<title>Kontakt - Martosi Rendezv\u00e9nyliget \u00e9s N\u00e9pf\u0151iskola<\/title>\n<meta name=\"robots\" content=\"index, follow, max-snippet:-1, max-image-preview:large, max-video-preview:-1\" \/>\n<link rel=\"canonical\" href=\"https:\/\/marthos.sk\/sk\/kontakt\/\" \/>\n<meta property=\"og:locale\" content=\"sk_SK\" \/>\n<meta property=\"og:type\" content=\"article\" \/>\n<meta property=\"og:title\" content=\"Kontakt - Martosi Rendezv\u00e9nyliget \u00e9s N\u00e9pf\u0151iskola\" \/>\n<meta property=\"og:description\" content=\"Kontaktujte n\u00e1s Martovce 14, 947 01 Martovce Mgr. S\u00e1ndor Jancs\u00f3 +421 908 322 243 Emailov\u00e1 adresa info@marthos.sk Emailov\u00e1 adresa marthos.office@gmail.com Prev\u00e1dzkovate\u013eom Parku podujat\u00ed a \u013dudovej vysokej \u0161koly v Martovciach jeOb\u010dianske zdru\u017eenie Marthos (Marthos o.z.) I\u010cO: 50565052 DI\u010c: 2120557659 S\u00eddlo: Marthos o.z.Martovce 14, 947 01 Martovce\" \/>\n<meta property=\"og:url\" content=\"https:\/\/marthos.sk\/sk\/kontakt\/\" \/>\n<meta property=\"og:site_name\" content=\"Martosi Rendezv\u00e9nyliget \u00e9s N\u00e9pf\u0151iskola\" \/>\n<meta property=\"article:publisher\" content=\"https:\/\/www.facebook.com\/profile.php?id=100080014633277\" \/>\n<meta property=\"article:modified_time\" content=\"2024-11-13T13:18:43+00:00\" \/>\n<meta property=\"og:image\" content=\"https:\/\/marthos.sk\/wp-content\/uploads\/2024\/03\/martosi-rendezvenyliget_2022_q1_MM-1-scaled.jpg\" \/>\n\t<meta property=\"og:image:width\" content=\"2560\" \/>\n\t<meta property=\"og:image:height\" content=\"1707\" \/>\n\t<meta property=\"og:image:type\" content=\"image\/jpeg\" \/>\n<meta name=\"twitter:card\" content=\"summary_large_image\" \/>\n<script type=\"application\/ld+json\" class=\"yoast-schema-graph\">{\"@context\":\"https:\/\/schema.org\",\"@graph\":[{\"@type\":\"WebPage\",\"@id\":\"https:\/\/marthos.sk\/sk\/kontakt\/\",\"url\":\"https:\/\/marthos.sk\/sk\/kontakt\/\",\"name\":\"Kontakt - Martosi Rendezv\u00e9nyliget \u00e9s N\u00e9pf\u0151iskola\",\"isPartOf\":{\"@id\":\"https:\/\/marthos.sk\/sk\/#website\"},\"primaryImageOfPage\":{\"@id\":\"https:\/\/marthos.sk\/sk\/kontakt\/#primaryimage\"},\"image\":{\"@id\":\"https:\/\/marthos.sk\/sk\/kontakt\/#primaryimage\"},\"thumbnailUrl\":\"https:\/\/marthos.sk\/wp-content\/uploads\/2024\/03\/martosi-rendezvenyliget_2022_q1_MM-1-scaled.jpg\",\"datePublished\":\"2024-03-18T11:40:22+00:00\",\"dateModified\":\"2024-11-13T13:18:43+00:00\",\"breadcrumb\":{\"@id\":\"https:\/\/marthos.sk\/sk\/kontakt\/#breadcrumb\"},\"inLanguage\":\"sk-SK\",\"potentialAction\":[{\"@type\":\"ReadAction\",\"target\":[\"https:\/\/marthos.sk\/sk\/kontakt\/\"]}]},{\"@type\":\"ImageObject\",\"inLanguage\":\"sk-SK\",\"@id\":\"https:\/\/marthos.sk\/sk\/kontakt\/#primaryimage\",\"url\":\"https:\/\/marthos.sk\/wp-content\/uploads\/2024\/03\/martosi-rendezvenyliget_2022_q1_MM-1-scaled.jpg\",\"contentUrl\":\"https:\/\/marthos.sk\/wp-content\/uploads\/2024\/03\/martosi-rendezvenyliget_2022_q1_MM-1-scaled.jpg\",\"width\":2560,\"height\":1707},{\"@type\":\"BreadcrumbList\",\"@id\":\"https:\/\/marthos.sk\/sk\/kontakt\/#breadcrumb\",\"itemListElement\":[{\"@type\":\"ListItem\",\"position\":1,\"name\":\"Kezd\u0151lap\",\"item\":\"https:\/\/marthos.sk\/sk\/\"},{\"@type\":\"ListItem\",\"position\":2,\"name\":\"Kontakt\"}]},{\"@type\":\"WebSite\",\"@id\":\"https:\/\/marthos.sk\/sk\/#website\",\"url\":\"https:\/\/marthos.sk\/sk\/\",\"name\":\"Martosi Rendezv\u00e9nyliget \u00e9s N\u00e9pf\u0151iskola\",\"description\":\"Domov trad\u00edci\u00ed a dobrodru\u017estiev\",\"publisher\":{\"@id\":\"https:\/\/marthos.sk\/sk\/#organization\"},\"potentialAction\":[{\"@type\":\"SearchAction\",\"target\":{\"@type\":\"EntryPoint\",\"urlTemplate\":\"https:\/\/marthos.sk\/sk\/?s={search_term_string}\"},\"query-input\":{\"@type\":\"PropertyValueSpecification\",\"valueRequired\":true,\"valueName\":\"search_term_string\"}}],\"inLanguage\":\"sk-SK\"},{\"@type\":\"Organization\",\"@id\":\"https:\/\/marthos.sk\/sk\/#organization\",\"name\":\"Martosi Rendezv\u00e9nyliget \u00e9s N\u00e9pf\u0151iskola\",\"url\":\"https:\/\/marthos.sk\/sk\/\",\"logo\":{\"@type\":\"ImageObject\",\"inLanguage\":\"sk-SK\",\"@id\":\"https:\/\/marthos.sk\/sk\/#\/schema\/logo\/image\/\",\"url\":\"https:\/\/marthos.sk\/wp-content\/uploads\/2024\/03\/martosi-rendezvenyliget_logo.png\",\"contentUrl\":\"https:\/\/marthos.sk\/wp-content\/uploads\/2024\/03\/martosi-rendezvenyliget_logo.png\",\"width\":1200,\"height\":1200,\"caption\":\"Martosi Rendezv\u00e9nyliget \u00e9s N\u00e9pf\u0151iskola\"},\"image\":{\"@id\":\"https:\/\/marthos.sk\/sk\/#\/schema\/logo\/image\/\"},\"sameAs\":[\"https:\/\/www.facebook.com\/profile.php?id=100080014633277\"]}]}<\/script>\n<!-- \/ Yoast SEO plugin. -->","yoast_head_json":{"title":"Kontakt - Martosi Rendezv\u00e9nyliget \u00e9s N\u00e9pf\u0151iskola","robots":{"index":"index","follow":"follow","max-snippet":"max-snippet:-1","max-image-preview":"max-image-preview:large","max-video-preview":"max-video-preview:-1"},"canonical":"https:\/\/marthos.sk\/sk\/kontakt\/","og_locale":"sk_SK","og_type":"article","og_title":"Kontakt - Martosi Rendezv\u00e9nyliget \u00e9s N\u00e9pf\u0151iskola","og_description":"Kontaktujte n\u00e1s Martovce 14, 947 01 Martovce Mgr. S\u00e1ndor Jancs\u00f3 +421 908 322 243 Emailov\u00e1 adresa info@marthos.sk Emailov\u00e1 adresa marthos.office@gmail.com Prev\u00e1dzkovate\u013eom Parku podujat\u00ed a \u013dudovej vysokej \u0161koly v Martovciach jeOb\u010dianske zdru\u017eenie Marthos (Marthos o.z.) I\u010cO: 50565052 DI\u010c: 2120557659 S\u00eddlo: Marthos o.z.Martovce 14, 947 01 Martovce","og_url":"https:\/\/marthos.sk\/sk\/kontakt\/","og_site_name":"Martosi Rendezv\u00e9nyliget \u00e9s N\u00e9pf\u0151iskola","article_publisher":"https:\/\/www.facebook.com\/profile.php?id=100080014633277","article_modified_time":"2024-11-13T13:18:43+00:00","og_image":[{"width":2560,"height":1707,"url":"https:\/\/marthos.sk\/wp-content\/uploads\/2024\/03\/martosi-rendezvenyliget_2022_q1_MM-1-scaled.jpg","type":"image\/jpeg"}],"twitter_card":"summary_large_image","schema":{"@context":"https:\/\/schema.org","@graph":[{"@type":"WebPage","@id":"https:\/\/marthos.sk\/sk\/kontakt\/","url":"https:\/\/marthos.sk\/sk\/kontakt\/","name":"Kontakt - Martosi Rendezv\u00e9nyliget \u00e9s N\u00e9pf\u0151iskola","isPartOf":{"@id":"https:\/\/marthos.sk\/sk\/#website"},"primaryImageOfPage":{"@id":"https:\/\/marthos.sk\/sk\/kontakt\/#primaryimage"},"image":{"@id":"https:\/\/marthos.sk\/sk\/kontakt\/#primaryimage"},"thumbnailUrl":"https:\/\/marthos.sk\/wp-content\/uploads\/2024\/03\/martosi-rendezvenyliget_2022_q1_MM-1-scaled.jpg","datePublished":"2024-03-18T11:40:22+00:00","dateModified":"2024-11-13T13:18:43+00:00","breadcrumb":{"@id":"https:\/\/marthos.sk\/sk\/kontakt\/#breadcrumb"},"inLanguage":"sk-SK","potentialAction":[{"@type":"ReadAction","target":["https:\/\/marthos.sk\/sk\/kontakt\/"]}]},{"@type":"ImageObject","inLanguage":"sk-SK","@id":"https:\/\/marthos.sk\/sk\/kontakt\/#primaryimage","url":"https:\/\/marthos.sk\/wp-content\/uploads\/2024\/03\/martosi-rendezvenyliget_2022_q1_MM-1-scaled.jpg","contentUrl":"https:\/\/marthos.sk\/wp-content\/uploads\/2024\/03\/martosi-rendezvenyliget_2022_q1_MM-1-scaled.jpg","width":2560,"height":1707},{"@type":"BreadcrumbList","@id":"https:\/\/marthos.sk\/sk\/kontakt\/#breadcrumb","itemListElement":[{"@type":"ListItem","position":1,"name":"Kezd\u0151lap","item":"https:\/\/marthos.sk\/sk\/"},{"@type":"ListItem","position":2,"name":"Kontakt"}]},{"@type":"WebSite","@id":"https:\/\/marthos.sk\/sk\/#website","url":"https:\/\/marthos.sk\/sk\/","name":"Martosi Rendezv\u00e9nyliget \u00e9s N\u00e9pf\u0151iskola","description":"Domov trad\u00edci\u00ed a dobrodru\u017estiev","publisher":{"@id":"https:\/\/marthos.sk\/sk\/#organization"},"potentialAction":[{"@type":"SearchAction","target":{"@type":"EntryPoint","urlTemplate":"https:\/\/marthos.sk\/sk\/?s={search_term_string}"},"query-input":{"@type":"PropertyValueSpecification","valueRequired":true,"valueName":"search_term_string"}}],"inLanguage":"sk-SK"},{"@type":"Organization","@id":"https:\/\/marthos.sk\/sk\/#organization","name":"Martosi Rendezv\u00e9nyliget \u00e9s N\u00e9pf\u0151iskola","url":"https:\/\/marthos.sk\/sk\/","logo":{"@type":"ImageObject","inLanguage":"sk-SK","@id":"https:\/\/marthos.sk\/sk\/#\/schema\/logo\/image\/","url":"https:\/\/marthos.sk\/wp-content\/uploads\/2024\/03\/martosi-rendezvenyliget_logo.png","contentUrl":"https:\/\/marthos.sk\/wp-content\/uploads\/2024\/03\/martosi-rendezvenyliget_logo.png","width":1200,"height":1200,"caption":"Martosi Rendezv\u00e9nyliget \u00e9s N\u00e9pf\u0151iskola"},"image":{"@id":"https:\/\/marthos.sk\/sk\/#\/schema\/logo\/image\/"},"sameAs":["https:\/\/www.facebook.com\/profile.php?id=100080014633277"]}]}},"_links":{"self":[{"href":"https:\/\/marthos.sk\/sk\/wp-json\/wp\/v2\/pages\/1758","targetHints":{"allow":["GET"]}}],"collection":[{"href":"https:\/\/marthos.sk\/sk\/wp-json\/wp\/v2\/pages"}],"about":[{"href":"https:\/\/marthos.sk\/sk\/wp-json\/wp\/v2\/types\/page"}],"author":[{"embeddable":true,"href":"https:\/\/marthos.sk\/sk\/wp-json\/wp\/v2\/users\/1"}],"replies":[{"embeddable":true,"href":"https:\/\/marthos.sk\/sk\/wp-json\/wp\/v2\/comments?post=1758"}],"version-history":[{"count":1,"href":"https:\/\/marthos.sk\/sk\/wp-json\/wp\/v2\/pages\/1758\/revisions"}],"predecessor-version":[{"id":1759,"href":"https:\/\/marthos.sk\/sk\/wp-json\/wp\/v2\/pages\/1758\/revisions\/1759"}],"wp:featuredmedia":[{"embeddable":true,"href":"https:\/\/marthos.sk\/sk\/wp-json\/wp\/v2\/media\/1480"}],"wp:attachment":[{"href":"https:\/\/marthos.sk\/sk\/wp-json\/wp\/v2\/media?parent=1758"}],"curies":[{"name":"wp","href":"https:\/\/api.w.org\/{rel}","templated":true}]}}